{"id":433,"date":"2019-12-06T14:35:47","date_gmt":"2019-12-06T14:35:47","guid":{"rendered":"https:\/\/www.twoonsagency.be\/?page_id=433"},"modified":"2020-01-23T09:28:05","modified_gmt":"2020-01-23T08:28:05","slug":"relations-publiques-et-marketing","status":"publish","type":"page","link":"https:\/\/www.twoonsagency.be\/fr\/service\/relations-publiques-et-marketing\/","title":{"rendered":"Relations publiques et marketing"},"content":{"rendered":"<div class=\"wpb-content-wrapper\"><p>[vc_row][vc_column][vc_column_text]<\/p>\n<p>Qu\u2019on parle de son entreprise dans les m\u00e9dias\u00a0: voil\u00e0 le r\u00eave ultime de nombreux entrepreneurs, et \u00e0 juste titre. En effet, la publicit\u00e9 que l\u2019on obtient lorsque l\u2019on fait l\u2019objet d\u2019un article de journal ou d\u2019un reportage t\u00e9l\u00e9vis\u00e9 est souvent inestimable. Twoons a donc consacr\u00e9 \u00e9norm\u00e9ment d\u2019\u00e9nergie \u00e0 ses relations avec la presse ces derni\u00e8res ann\u00e9es. Et maintenant, c\u2019est vous qui pouvez en r\u00e9colter les fruits.<\/p>\n<h2>Figurez dans l\u2019actualit\u00e9 avec&#8230; des actualit\u00e9s<\/h2>\n<p>Comment faire pour qu\u2019un journaliste choisisse votre message et non celui de vos concurrents\u00a0? Eh bien, il ne s\u2019agit pas de croiser les doigts, mais bien de proposer des <a href=\"\/fr\/service\/redaction-de-contenu-et-redaction-publicitaire\/\">contenus<\/a> nouveaux et personnalis\u00e9s. En effet, les journalistes eux aussi veulent proposer du neuf. Par cons\u00e9quent, Twoons les s\u00e9duit avec de nouveaux faits, des chiffres frappants et des communiqu\u00e9s de presse bien ficel\u00e9s.<\/p>\n<h4>On gagne toujours avec les RP<\/h4>\n<p>N\u2019importe qui peut acheter une visibilit\u00e9 dans les m\u00e9dias, mais ce qui est encore mieux, c\u2019est la visibilit\u00e9 gratuite. Avec de bonnes relations publiques, vous pouvez faire parler de vous dans le journal sans d\u00e9bourser un sou. C\u2019est bon pour votre cr\u00e9dibilit\u00e9 et bon pour votre budget de communication.<\/p>\n<p>[\/vc_column_text][\/vc_column][\/vc_row][vc_row][vc_column][vc_column_text]<\/p>\n<p>Voici comment nous lan\u00e7ons avec succ\u00e8s un marketing par les relations publiques :<\/p>\n<ol>\n<li>\u00c9laborer une strat\u00e9gie de relations publiques<\/li>\n<li>Rassembler les contacts dans la presse<\/li>\n<li>Produire du <a href=\"\/fr\/service\/redaction-de-contenu-et-redaction-publicitaire\/\">contenu cibl\u00e9<\/a><\/li>\n<li>Envoyer des communiqu\u00e9s de presse<\/li>\n<li>Organiser des entretiens<\/li>\n<li>S\u2019aligner sur les th\u00e8mes \u00e9ditoriaux<\/li>\n<li>Conclure des contrats avec des m\u00e9dias, par exemple des concours, des publireportages ou des accords d\u2019\u00e9change<\/li>\n<li>Surveiller et s\u00e9lectionner la couverture obtenue dans les m\u00e9dias<\/li>\n<\/ol>\n<p>[\/vc_column_text][vc_icon icon_fontawesome=\u00a0\u00bbfa fa-quote-left\u00a0\u00bb color=\u00a0\u00bbblack\u00a0\u00bb css=\u00a0\u00bb.vc_custom_1570795012340{margin-bottom: 0px !important;}\u00a0\u00bb][vc_column_text]<\/p>\n<h5>La communication de crise, c\u2019est comme une assurance : on esp\u00e8re qu\u2019on n\u2019en aura jamais besoin, mais mieux vaut tout de m\u00eame en avoir une.<\/h5>\n<p>[\/vc_column_text][\/vc_column][\/vc_row][vc_row][vc_column][vc_column_text]<\/p>\n<h4>Les relations publiques constituent un avantage aussi en temps de crise<\/h4>\n<p>Mieux vaut pr\u00e9venir que gu\u00e9rir. C\u2019est pourquoi la communication de crise est un \u00e9l\u00e9ment essentiel d\u2019une bonne <a href=\"\/fr\/service\/strategie-de-communication\/\">strat\u00e9gie de communication<\/a>. Elle permet de savoir exactement ce qu\u2019il faut faire si vous apparaissez dans les m\u00e9dias pour les mauvaises raisons.<\/p>\n<p>Nous pr\u00e9parons une proc\u00e9dure de communication en collaboration avec votre charg\u00e9 des relations presse. Nous vous apportons en outre un ensemble d\u2019outils que vous pourrez utiliser en cas de crise.<\/p>\n<p>[\/vc_column_text][\/vc_column][\/vc_row][vc_row][vc_column][vc_cta h2=\u00a0\u00bb\u00a0\u00bb add_icon=\u00a0\u00bbleft\u00a0\u00bb i_icon_fontawesome=\u00a0\u00bbfa fa-hand-o-right\u00a0\u00bb i_color=\u00a0\u00bbblack\u00a0\u00bb]<\/p>\n<h5><a href=\"#\">&gt;&gt; Je veux que vous vous occupiez de mon marketing-RP<\/a><\/h5>\n<p>[\/vc_cta][\/vc_column][\/vc_row]<\/p>\n<\/div>","protected":false},"excerpt":{"rendered":"<p>[vc_row][vc_column][vc_column_text] Qu\u2019on parle de son entreprise dans les m\u00e9dias\u00a0: voil\u00e0 le r\u00eave ultime de nombreux entrepreneurs, et \u00e0 juste titre. En effet, la publicit\u00e9 que l\u2019on obtient lorsque l\u2019on fait l\u2019objet d\u2019un article de journal ou d\u2019un reportage t\u00e9l\u00e9vis\u00e9 est souvent inestimable. Twoons a donc consacr\u00e9 \u00e9norm\u00e9ment d\u2019\u00e9nergie \u00e0 ses relations avec la presse ces &hellip; <a href=\"https:\/\/www.twoonsagency.be\/fr\/service\/relations-publiques-et-marketing\/\" class=\"more-link\">Continue reading<span class=\"screen-reader-text\"> \u00ab\u00a0Relations publiques et marketing\u00a0\u00bb<\/span><\/a><\/p>\n","protected":false},"author":1,"featured_media":0,"parent":397,"menu_order":0,"comment_status":"closed","ping_status":"closed","template":"","meta":{"footnotes":""},"acf":[],"yoast_head":"<!-- This site is optimized with the Yoast SEO plugin v20.5 - https:\/\/yoast.com\/wordpress\/plugins\/seo\/ -->\n<title>Agence de relations publiques \u00e0 Bruxelles (et bien au-del\u00e0 !) | TWOONS<\/title>\n<meta name=\"description\" content=\"Trouv\u00e9 : Une agence de relations publiques qui fait parler de votre marque dans les m\u00e9dias \u2713 Atterrissez plus vite dans les bo\u00eetes mail des journalistes \u2713\" \/>\n<meta name=\"robots\" content=\"index, follow, max-snippet:-1, max-image-preview:large, max-video-preview:-1\" \/>\n<link rel=\"canonical\" href=\"https:\/\/www.twoonsagency.be\/fr\/service\/relations-publiques-et-marketing\/\" \/>\n<meta property=\"og:locale\" content=\"fr_FR\" \/>\n<meta property=\"og:type\" content=\"article\" \/>\n<meta property=\"og:title\" content=\"Agence de relations publiques \u00e0 Bruxelles (et bien au-del\u00e0 !) | TWOONS\" \/>\n<meta property=\"og:description\" content=\"Trouv\u00e9 : Une agence de relations publiques qui fait parler de votre marque dans les m\u00e9dias \u2713 Atterrissez plus vite dans les bo\u00eetes mail des journalistes \u2713\" \/>\n<meta property=\"og:url\" content=\"https:\/\/www.twoonsagency.be\/fr\/service\/relations-publiques-et-marketing\/\" \/>\n<meta property=\"og:site_name\" content=\"TWOONS\" \/>\n<meta property=\"article:publisher\" content=\"https:\/\/www.facebook.com\/twoonscontentagency\/\" \/>\n<meta property=\"article:modified_time\" content=\"2020-01-23T08:28:05+00:00\" \/>\n<meta name=\"twitter:card\" content=\"summary_large_image\" \/>\n<meta name=\"twitter:site\" content=\"@TwoonsAgency\" \/>\n<meta name=\"twitter:label1\" content=\"Dur\u00e9e de lecture estim\u00e9e\" \/>\n\t<meta name=\"twitter:data1\" content=\"3 minutes\" \/>\n<script type=\"application\/ld+json\" class=\"yoast-schema-graph\">{\"@context\":\"https:\/\/schema.org\",\"@graph\":[{\"@type\":\"WebPage\",\"@id\":\"https:\/\/www.twoonsagency.be\/fr\/service\/relations-publiques-et-marketing\/\",\"url\":\"https:\/\/www.twoonsagency.be\/fr\/service\/relations-publiques-et-marketing\/\",\"name\":\"Agence de relations publiques \u00e0 Bruxelles (et bien au-del\u00e0 !) | TWOONS\",\"isPartOf\":{\"@id\":\"https:\/\/www.twoonsagency.be\/fr\/#website\"},\"datePublished\":\"2019-12-06T14:35:47+00:00\",\"dateModified\":\"2020-01-23T08:28:05+00:00\",\"description\":\"Trouv\u00e9 : Une agence de relations publiques qui fait parler de votre marque dans les m\u00e9dias \u2713 Atterrissez plus vite dans les bo\u00eetes mail des journalistes \u2713\",\"breadcrumb\":{\"@id\":\"https:\/\/www.twoonsagency.be\/fr\/service\/relations-publiques-et-marketing\/#breadcrumb\"},\"inLanguage\":\"fr-FR\",\"potentialAction\":[{\"@type\":\"ReadAction\",\"target\":[\"https:\/\/www.twoonsagency.be\/fr\/service\/relations-publiques-et-marketing\/\"]}]},{\"@type\":\"BreadcrumbList\",\"@id\":\"https:\/\/www.twoonsagency.be\/fr\/service\/relations-publiques-et-marketing\/#breadcrumb\",\"itemListElement\":[{\"@type\":\"ListItem\",\"position\":1,\"name\":\"Home\",\"item\":\"https:\/\/www.twoonsagency.be\/fr\/\"},{\"@type\":\"ListItem\",\"position\":2,\"name\":\"Services\",\"item\":\"https:\/\/www.twoonsagency.be\/fr\/service\/\"},{\"@type\":\"ListItem\",\"position\":3,\"name\":\"Relations publiques et marketing\"}]},{\"@type\":\"WebSite\",\"@id\":\"https:\/\/www.twoonsagency.be\/fr\/#website\",\"url\":\"https:\/\/www.twoonsagency.be\/fr\/\",\"name\":\"TWOONS\",\"description\":\"\",\"publisher\":{\"@id\":\"https:\/\/www.twoonsagency.be\/fr\/#organization\"},\"potentialAction\":[{\"@type\":\"SearchAction\",\"target\":{\"@type\":\"EntryPoint\",\"urlTemplate\":\"https:\/\/www.twoonsagency.be\/fr\/?s={search_term_string}\"},\"query-input\":\"required name=search_term_string\"}],\"inLanguage\":\"fr-FR\"},{\"@type\":\"Organization\",\"@id\":\"https:\/\/www.twoonsagency.be\/fr\/#organization\",\"name\":\"Twoons\",\"url\":\"https:\/\/www.twoonsagency.be\/fr\/\",\"logo\":{\"@type\":\"ImageObject\",\"inLanguage\":\"fr-FR\",\"@id\":\"https:\/\/www.twoonsagency.be\/fr\/#\/schema\/logo\/image\/\",\"url\":\"https:\/\/www.twoonsagency.be\/wp-content\/uploads\/2019\/06\/logo.png\",\"contentUrl\":\"https:\/\/www.twoonsagency.be\/wp-content\/uploads\/2019\/06\/logo.png\",\"width\":229,\"height\":78,\"caption\":\"Twoons\"},\"image\":{\"@id\":\"https:\/\/www.twoonsagency.be\/fr\/#\/schema\/logo\/image\/\"},\"sameAs\":[\"https:\/\/www.facebook.com\/twoonscontentagency\/\",\"https:\/\/twitter.com\/TwoonsAgency\",\"https:\/\/www.instagram.com\/twoons.agency\/\",\"https:\/\/www.linkedin.com\/company\/twoons-content-agency\"]}]}<\/script>\n<!-- \/ Yoast SEO plugin. -->","yoast_head_json":{"title":"Agence de relations publiques \u00e0 Bruxelles (et bien au-del\u00e0 !) | TWOONS","description":"Trouv\u00e9 : Une agence de relations publiques qui fait parler de votre marque dans les m\u00e9dias \u2713 Atterrissez plus vite dans les bo\u00eetes mail des journalistes \u2713","robots":{"index":"index","follow":"follow","max-snippet":"max-snippet:-1","max-image-preview":"max-image-preview:large","max-video-preview":"max-video-preview:-1"},"canonical":"https:\/\/www.twoonsagency.be\/fr\/service\/relations-publiques-et-marketing\/","og_locale":"fr_FR","og_type":"article","og_title":"Agence de relations publiques \u00e0 Bruxelles (et bien au-del\u00e0 !) | TWOONS","og_description":"Trouv\u00e9 : Une agence de relations publiques qui fait parler de votre marque dans les m\u00e9dias \u2713 Atterrissez plus vite dans les bo\u00eetes mail des journalistes \u2713","og_url":"https:\/\/www.twoonsagency.be\/fr\/service\/relations-publiques-et-marketing\/","og_site_name":"TWOONS","article_publisher":"https:\/\/www.facebook.com\/twoonscontentagency\/","article_modified_time":"2020-01-23T08:28:05+00:00","twitter_card":"summary_large_image","twitter_site":"@TwoonsAgency","twitter_misc":{"Dur\u00e9e de lecture estim\u00e9e":"3 minutes"},"schema":{"@context":"https:\/\/schema.org","@graph":[{"@type":"WebPage","@id":"https:\/\/www.twoonsagency.be\/fr\/service\/relations-publiques-et-marketing\/","url":"https:\/\/www.twoonsagency.be\/fr\/service\/relations-publiques-et-marketing\/","name":"Agence de relations publiques \u00e0 Bruxelles (et bien au-del\u00e0 !) | TWOONS","isPartOf":{"@id":"https:\/\/www.twoonsagency.be\/fr\/#website"},"datePublished":"2019-12-06T14:35:47+00:00","dateModified":"2020-01-23T08:28:05+00:00","description":"Trouv\u00e9 : Une agence de relations publiques qui fait parler de votre marque dans les m\u00e9dias \u2713 Atterrissez plus vite dans les bo\u00eetes mail des journalistes \u2713","breadcrumb":{"@id":"https:\/\/www.twoonsagency.be\/fr\/service\/relations-publiques-et-marketing\/#breadcrumb"},"inLanguage":"fr-FR","potentialAction":[{"@type":"ReadAction","target":["https:\/\/www.twoonsagency.be\/fr\/service\/relations-publiques-et-marketing\/"]}]},{"@type":"BreadcrumbList","@id":"https:\/\/www.twoonsagency.be\/fr\/service\/relations-publiques-et-marketing\/#breadcrumb","itemListElement":[{"@type":"ListItem","position":1,"name":"Home","item":"https:\/\/www.twoonsagency.be\/fr\/"},{"@type":"ListItem","position":2,"name":"Services","item":"https:\/\/www.twoonsagency.be\/fr\/service\/"},{"@type":"ListItem","position":3,"name":"Relations publiques et marketing"}]},{"@type":"WebSite","@id":"https:\/\/www.twoonsagency.be\/fr\/#website","url":"https:\/\/www.twoonsagency.be\/fr\/","name":"TWOONS","description":"","publisher":{"@id":"https:\/\/www.twoonsagency.be\/fr\/#organization"},"potentialAction":[{"@type":"SearchAction","target":{"@type":"EntryPoint","urlTemplate":"https:\/\/www.twoonsagency.be\/fr\/?s={search_term_string}"},"query-input":"required name=search_term_string"}],"inLanguage":"fr-FR"},{"@type":"Organization","@id":"https:\/\/www.twoonsagency.be\/fr\/#organization","name":"Twoons","url":"https:\/\/www.twoonsagency.be\/fr\/","logo":{"@type":"ImageObject","inLanguage":"fr-FR","@id":"https:\/\/www.twoonsagency.be\/fr\/#\/schema\/logo\/image\/","url":"https:\/\/www.twoonsagency.be\/wp-content\/uploads\/2019\/06\/logo.png","contentUrl":"https:\/\/www.twoonsagency.be\/wp-content\/uploads\/2019\/06\/logo.png","width":229,"height":78,"caption":"Twoons"},"image":{"@id":"https:\/\/www.twoonsagency.be\/fr\/#\/schema\/logo\/image\/"},"sameAs":["https:\/\/www.facebook.com\/twoonscontentagency\/","https:\/\/twitter.com\/TwoonsAgency","https:\/\/www.instagram.com\/twoons.agency\/","https:\/\/www.linkedin.com\/company\/twoons-content-agency"]}]}},"_links":{"self":[{"href":"https:\/\/www.twoonsagency.be\/fr\/wp-json\/wp\/v2\/pages\/433"}],"collection":[{"href":"https:\/\/www.twoonsagency.be\/fr\/wp-json\/wp\/v2\/pages"}],"about":[{"href":"https:\/\/www.twoonsagency.be\/fr\/wp-json\/wp\/v2\/types\/page"}],"author":[{"embeddable":true,"href":"https:\/\/www.twoonsagency.be\/fr\/wp-json\/wp\/v2\/users\/1"}],"replies":[{"embeddable":true,"href":"https:\/\/www.twoonsagency.be\/fr\/wp-json\/wp\/v2\/comments?post=433"}],"version-history":[{"count":7,"href":"https:\/\/www.twoonsagency.be\/fr\/wp-json\/wp\/v2\/pages\/433\/revisions"}],"predecessor-version":[{"id":711,"href":"https:\/\/www.twoonsagency.be\/fr\/wp-json\/wp\/v2\/pages\/433\/revisions\/711"}],"up":[{"embeddable":true,"href":"https:\/\/www.twoonsagency.be\/fr\/wp-json\/wp\/v2\/pages\/397"}],"wp:attachment":[{"href":"https:\/\/www.twoonsagency.be\/fr\/wp-json\/wp\/v2\/media?parent=433"}],"curies":[{"name":"wp","href":"https:\/\/api.w.org\/{rel}","templated":true}]}}