{"id":496,"date":"2019-12-09T13:36:35","date_gmt":"2019-12-09T13:36:35","guid":{"rendered":"https:\/\/www.twoonsagency.be\/?page_id=496"},"modified":"2020-01-23T08:58:45","modified_gmt":"2020-01-23T07:58:45","slug":"une-notoriete-accrue","status":"publish","type":"page","link":"https:\/\/www.twoonsagency.be\/fr\/solutions\/une-notoriete-accrue\/","title":{"rendered":"Une notori\u00e9t\u00e9 accrue"},"content":{"rendered":"<div class=\"wpb-content-wrapper\"><p>[vc_row][vc_column][vc_column_text]<\/p>\n<h4><strong>Comment augmenter votre notori\u00e9t\u00e9 de marque\u00a0?<\/strong><\/h4>\n<p>En tant que responsable des ventes ou du marketing, vous devez pr\u00e9senter des r\u00e9sultats \u00e0 votre patron. Et votre patron s\u2019int\u00e9ressera aux chiffres qui montrent si votre produit ou service se vend bien. Une condition essentielle pour vendre est la notori\u00e9t\u00e9 de marque\u00a0: si personne ne sait que vous avez quelque chose \u00e0 vendre, vous ne vendrez pas beaucoup. Dans ce cas, il faut accro\u00eetre votre notori\u00e9t\u00e9 de marque. Ou pour utiliser l\u2019expression anglaise\u00a0: accro\u00eetre votre <em>\u00ab\u00a0brand awareness\u00a0\u00bb<\/em>.[\/vc_column_text][vc_icon icon_fontawesome=\u00a0\u00bbfa fa-quote-left\u00a0\u00bb color=\u00a0\u00bbblack\u00a0\u00bb css=\u00a0\u00bb.vc_custom_1570795446165{margin-bottom: 0px !important;}\u00a0\u00bb][vc_column_text]<\/p>\n<h5>Leonidas, Twegos et Vitis Life Belgian Branch ont accru leur notori\u00e9t\u00e9 de marque gr\u00e2ce \u00e0 Twoons.<\/h5>\n<p>[\/vc_column_text][\/vc_column][\/vc_row][vc_row][vc_column][vc_column_text]<\/p>\n<h4><strong>Il suffit d\u2019une balle de tennis<\/strong><\/h4>\n<p>Twoons d\u00e9termine avec vous les avantages de votre produit ou service. \u00c0 quels probl\u00e8mes est-ce que vous apportez une solution pr\u00e9cis\u00e9ment\u00a0? \u00c0 partir de cette interrogation, nous s\u00e9lectionnons un message clair. Et oui\u00a0: un seul. Car m\u00eame si vous le d\u00e9sirez ardemment, ce n\u2019est pas une bonne id\u00e9e de faire passer plusieurs messages dans la m\u00eame campagne.<\/p>\n<p>On peut \u00e9tablir un parall\u00e8le avec les balles de tennis\u00a0: si on vous lance une balle de tennis, il y a de fortes chances que vous l\u2019attrapiez. Si on vous en lance dix \u00e0 la fois, vous n\u2019en attraperez probablement pas une seule. <a href=\"\/fr\/service\/strategie-de-communication\/\">Si vous limitez votre communication \u00e0 un seul message<\/a>, vos clients s\u2019en souviendront mieux.<\/p>\n<h4>Avec un plan de communication<\/h4>\n<p>Votre message est-il clair\u00a0? Dans ce cas, nous \u00e9laborons un plan d\u2019action tout aussi limpide, en fonction de votre budget. Nous pourrons ainsi accro\u00eetre la notori\u00e9t\u00e9 de marque de votre produit ou service chez les bonnes personnes et les bonnes entreprises. Pour savoir si nous touchons bien la cible, nous <a href=\"\/fr\/service\/mesurer-et-evaluer\/\">mesurons l\u2019impact<\/a> de nos communications. Et si n\u00e9cessaire, nous ajustons le tir.<\/p>\n<p>[\/vc_column_text][\/vc_column][\/vc_row][vc_row][vc_column][vc_cta h2=\u00a0\u00bb\u00a0\u00bb add_icon=\u00a0\u00bbleft\u00a0\u00bb i_icon_fontawesome=\u00a0\u00bbfa fa-hand-o-right\u00a0\u00bb i_color=\u00a0\u00bbblack\u00a0\u00bb]<\/p>\n<h5><a href=\"#\">&gt;&gt; Augmentez ma notori\u00e9t\u00e9 de marque<\/a><\/h5>\n<p>[\/vc_cta][\/vc_column][\/vc_row]<\/p>\n<\/div>","protected":false},"excerpt":{"rendered":"<p>[vc_row][vc_column][vc_column_text] Comment augmenter votre notori\u00e9t\u00e9 de marque\u00a0? En tant que responsable des ventes ou du marketing, vous devez pr\u00e9senter des r\u00e9sultats \u00e0 votre patron. Et votre patron s\u2019int\u00e9ressera aux chiffres qui montrent si votre produit ou service se vend bien. Une condition essentielle pour vendre est la notori\u00e9t\u00e9 de marque\u00a0: si personne ne sait que &hellip; <a href=\"https:\/\/www.twoonsagency.be\/fr\/solutions\/une-notoriete-accrue\/\" class=\"more-link\">Continue reading<span class=\"screen-reader-text\"> \u00ab\u00a0Une notori\u00e9t\u00e9 accrue\u00a0\u00bb<\/span><\/a><\/p>\n","protected":false},"author":1,"featured_media":0,"parent":481,"menu_order":0,"comment_status":"closed","ping_status":"closed","template":"","meta":{"footnotes":""},"acf":[],"yoast_head":"<!-- This site is optimized with the Yoast SEO plugin v20.5 - https:\/\/yoast.com\/wordpress\/plugins\/seo\/ -->\n<title>Comment accro\u00eetre votre notori\u00e9t\u00e9 de marque ? | TWOONS<\/title>\n<meta name=\"description\" content=\"Faites appel \u00e0 TWOONS pour accro\u00eetre votre notori\u00e9t\u00e9 de marque \u2713 Une communication claire \u2713 Plus d\u2019impact \u2713 Et une histoire de balle de tennis \u2713\" \/>\n<meta name=\"robots\" content=\"index, follow, max-snippet:-1, max-image-preview:large, max-video-preview:-1\" \/>\n<link rel=\"canonical\" href=\"https:\/\/www.twoonsagency.be\/fr\/solutions\/une-notoriete-accrue\/\" \/>\n<meta property=\"og:locale\" content=\"fr_FR\" \/>\n<meta property=\"og:type\" content=\"article\" \/>\n<meta property=\"og:title\" content=\"Comment accro\u00eetre votre notori\u00e9t\u00e9 de marque ? | TWOONS\" \/>\n<meta property=\"og:description\" content=\"Faites appel \u00e0 TWOONS pour accro\u00eetre votre notori\u00e9t\u00e9 de marque \u2713 Une communication claire \u2713 Plus d\u2019impact \u2713 Et une histoire de balle de tennis \u2713\" \/>\n<meta property=\"og:url\" content=\"https:\/\/www.twoonsagency.be\/fr\/solutions\/une-notoriete-accrue\/\" \/>\n<meta property=\"og:site_name\" content=\"TWOONS\" \/>\n<meta property=\"article:publisher\" content=\"https:\/\/www.facebook.com\/twoonscontentagency\/\" \/>\n<meta property=\"article:modified_time\" content=\"2020-01-23T07:58:45+00:00\" \/>\n<meta name=\"twitter:card\" content=\"summary_large_image\" \/>\n<meta name=\"twitter:site\" content=\"@TwoonsAgency\" \/>\n<meta name=\"twitter:label1\" content=\"Dur\u00e9e de lecture estim\u00e9e\" \/>\n\t<meta name=\"twitter:data1\" content=\"2 minutes\" \/>\n<script type=\"application\/ld+json\" class=\"yoast-schema-graph\">{\"@context\":\"https:\/\/schema.org\",\"@graph\":[{\"@type\":\"WebPage\",\"@id\":\"https:\/\/www.twoonsagency.be\/fr\/solutions\/une-notoriete-accrue\/\",\"url\":\"https:\/\/www.twoonsagency.be\/fr\/solutions\/une-notoriete-accrue\/\",\"name\":\"Comment accro\u00eetre votre notori\u00e9t\u00e9 de marque ? | TWOONS\",\"isPartOf\":{\"@id\":\"https:\/\/www.twoonsagency.be\/fr\/#website\"},\"datePublished\":\"2019-12-09T13:36:35+00:00\",\"dateModified\":\"2020-01-23T07:58:45+00:00\",\"description\":\"Faites appel \u00e0 TWOONS pour accro\u00eetre votre notori\u00e9t\u00e9 de marque \u2713 Une communication claire \u2713 Plus d\u2019impact \u2713 Et une histoire de balle de tennis \u2713\",\"breadcrumb\":{\"@id\":\"https:\/\/www.twoonsagency.be\/fr\/solutions\/une-notoriete-accrue\/#breadcrumb\"},\"inLanguage\":\"fr-FR\",\"potentialAction\":[{\"@type\":\"ReadAction\",\"target\":[\"https:\/\/www.twoonsagency.be\/fr\/solutions\/une-notoriete-accrue\/\"]}]},{\"@type\":\"BreadcrumbList\",\"@id\":\"https:\/\/www.twoonsagency.be\/fr\/solutions\/une-notoriete-accrue\/#breadcrumb\",\"itemListElement\":[{\"@type\":\"ListItem\",\"position\":1,\"name\":\"Home\",\"item\":\"https:\/\/www.twoonsagency.be\/fr\/\"},{\"@type\":\"ListItem\",\"position\":2,\"name\":\"Solutions\",\"item\":\"https:\/\/www.twoonsagency.be\/fr\/solutions\/\"},{\"@type\":\"ListItem\",\"position\":3,\"name\":\"Une notori\u00e9t\u00e9 accrue\"}]},{\"@type\":\"WebSite\",\"@id\":\"https:\/\/www.twoonsagency.be\/fr\/#website\",\"url\":\"https:\/\/www.twoonsagency.be\/fr\/\",\"name\":\"TWOONS\",\"description\":\"\",\"publisher\":{\"@id\":\"https:\/\/www.twoonsagency.be\/fr\/#organization\"},\"potentialAction\":[{\"@type\":\"SearchAction\",\"target\":{\"@type\":\"EntryPoint\",\"urlTemplate\":\"https:\/\/www.twoonsagency.be\/fr\/?s={search_term_string}\"},\"query-input\":\"required name=search_term_string\"}],\"inLanguage\":\"fr-FR\"},{\"@type\":\"Organization\",\"@id\":\"https:\/\/www.twoonsagency.be\/fr\/#organization\",\"name\":\"Twoons\",\"url\":\"https:\/\/www.twoonsagency.be\/fr\/\",\"logo\":{\"@type\":\"ImageObject\",\"inLanguage\":\"fr-FR\",\"@id\":\"https:\/\/www.twoonsagency.be\/fr\/#\/schema\/logo\/image\/\",\"url\":\"https:\/\/www.twoonsagency.be\/wp-content\/uploads\/2019\/06\/logo.png\",\"contentUrl\":\"https:\/\/www.twoonsagency.be\/wp-content\/uploads\/2019\/06\/logo.png\",\"width\":229,\"height\":78,\"caption\":\"Twoons\"},\"image\":{\"@id\":\"https:\/\/www.twoonsagency.be\/fr\/#\/schema\/logo\/image\/\"},\"sameAs\":[\"https:\/\/www.facebook.com\/twoonscontentagency\/\",\"https:\/\/twitter.com\/TwoonsAgency\",\"https:\/\/www.instagram.com\/twoons.agency\/\",\"https:\/\/www.linkedin.com\/company\/twoons-content-agency\"]}]}<\/script>\n<!-- \/ Yoast SEO plugin. -->","yoast_head_json":{"title":"Comment accro\u00eetre votre notori\u00e9t\u00e9 de marque ? | TWOONS","description":"Faites appel \u00e0 TWOONS pour accro\u00eetre votre notori\u00e9t\u00e9 de marque \u2713 Une communication claire \u2713 Plus d\u2019impact \u2713 Et une histoire de balle de tennis \u2713","robots":{"index":"index","follow":"follow","max-snippet":"max-snippet:-1","max-image-preview":"max-image-preview:large","max-video-preview":"max-video-preview:-1"},"canonical":"https:\/\/www.twoonsagency.be\/fr\/solutions\/une-notoriete-accrue\/","og_locale":"fr_FR","og_type":"article","og_title":"Comment accro\u00eetre votre notori\u00e9t\u00e9 de marque ? | TWOONS","og_description":"Faites appel \u00e0 TWOONS pour accro\u00eetre votre notori\u00e9t\u00e9 de marque \u2713 Une communication claire \u2713 Plus d\u2019impact \u2713 Et une histoire de balle de tennis \u2713","og_url":"https:\/\/www.twoonsagency.be\/fr\/solutions\/une-notoriete-accrue\/","og_site_name":"TWOONS","article_publisher":"https:\/\/www.facebook.com\/twoonscontentagency\/","article_modified_time":"2020-01-23T07:58:45+00:00","twitter_card":"summary_large_image","twitter_site":"@TwoonsAgency","twitter_misc":{"Dur\u00e9e de lecture estim\u00e9e":"2 minutes"},"schema":{"@context":"https:\/\/schema.org","@graph":[{"@type":"WebPage","@id":"https:\/\/www.twoonsagency.be\/fr\/solutions\/une-notoriete-accrue\/","url":"https:\/\/www.twoonsagency.be\/fr\/solutions\/une-notoriete-accrue\/","name":"Comment accro\u00eetre votre notori\u00e9t\u00e9 de marque ? | TWOONS","isPartOf":{"@id":"https:\/\/www.twoonsagency.be\/fr\/#website"},"datePublished":"2019-12-09T13:36:35+00:00","dateModified":"2020-01-23T07:58:45+00:00","description":"Faites appel \u00e0 TWOONS pour accro\u00eetre votre notori\u00e9t\u00e9 de marque \u2713 Une communication claire \u2713 Plus d\u2019impact \u2713 Et une histoire de balle de tennis \u2713","breadcrumb":{"@id":"https:\/\/www.twoonsagency.be\/fr\/solutions\/une-notoriete-accrue\/#breadcrumb"},"inLanguage":"fr-FR","potentialAction":[{"@type":"ReadAction","target":["https:\/\/www.twoonsagency.be\/fr\/solutions\/une-notoriete-accrue\/"]}]},{"@type":"BreadcrumbList","@id":"https:\/\/www.twoonsagency.be\/fr\/solutions\/une-notoriete-accrue\/#breadcrumb","itemListElement":[{"@type":"ListItem","position":1,"name":"Home","item":"https:\/\/www.twoonsagency.be\/fr\/"},{"@type":"ListItem","position":2,"name":"Solutions","item":"https:\/\/www.twoonsagency.be\/fr\/solutions\/"},{"@type":"ListItem","position":3,"name":"Une notori\u00e9t\u00e9 accrue"}]},{"@type":"WebSite","@id":"https:\/\/www.twoonsagency.be\/fr\/#website","url":"https:\/\/www.twoonsagency.be\/fr\/","name":"TWOONS","description":"","publisher":{"@id":"https:\/\/www.twoonsagency.be\/fr\/#organization"},"potentialAction":[{"@type":"SearchAction","target":{"@type":"EntryPoint","urlTemplate":"https:\/\/www.twoonsagency.be\/fr\/?s={search_term_string}"},"query-input":"required name=search_term_string"}],"inLanguage":"fr-FR"},{"@type":"Organization","@id":"https:\/\/www.twoonsagency.be\/fr\/#organization","name":"Twoons","url":"https:\/\/www.twoonsagency.be\/fr\/","logo":{"@type":"ImageObject","inLanguage":"fr-FR","@id":"https:\/\/www.twoonsagency.be\/fr\/#\/schema\/logo\/image\/","url":"https:\/\/www.twoonsagency.be\/wp-content\/uploads\/2019\/06\/logo.png","contentUrl":"https:\/\/www.twoonsagency.be\/wp-content\/uploads\/2019\/06\/logo.png","width":229,"height":78,"caption":"Twoons"},"image":{"@id":"https:\/\/www.twoonsagency.be\/fr\/#\/schema\/logo\/image\/"},"sameAs":["https:\/\/www.facebook.com\/twoonscontentagency\/","https:\/\/twitter.com\/TwoonsAgency","https:\/\/www.instagram.com\/twoons.agency\/","https:\/\/www.linkedin.com\/company\/twoons-content-agency"]}]}},"_links":{"self":[{"href":"https:\/\/www.twoonsagency.be\/fr\/wp-json\/wp\/v2\/pages\/496"}],"collection":[{"href":"https:\/\/www.twoonsagency.be\/fr\/wp-json\/wp\/v2\/pages"}],"about":[{"href":"https:\/\/www.twoonsagency.be\/fr\/wp-json\/wp\/v2\/types\/page"}],"author":[{"embeddable":true,"href":"https:\/\/www.twoonsagency.be\/fr\/wp-json\/wp\/v2\/users\/1"}],"replies":[{"embeddable":true,"href":"https:\/\/www.twoonsagency.be\/fr\/wp-json\/wp\/v2\/comments?post=496"}],"version-history":[{"count":5,"href":"https:\/\/www.twoonsagency.be\/fr\/wp-json\/wp\/v2\/pages\/496\/revisions"}],"predecessor-version":[{"id":697,"href":"https:\/\/www.twoonsagency.be\/fr\/wp-json\/wp\/v2\/pages\/496\/revisions\/697"}],"up":[{"embeddable":true,"href":"https:\/\/www.twoonsagency.be\/fr\/wp-json\/wp\/v2\/pages\/481"}],"wp:attachment":[{"href":"https:\/\/www.twoonsagency.be\/fr\/wp-json\/wp\/v2\/media?parent=496"}],"curies":[{"name":"wp","href":"https:\/\/api.w.org\/{rel}","templated":true}]}}