{"id":554,"date":"2019-12-10T15:49:59","date_gmt":"2019-12-10T14:49:59","guid":{"rendered":"https:\/\/www.twoonsagency.be\/?page_id=554"},"modified":"2019-12-10T15:52:41","modified_gmt":"2019-12-10T14:52:41","slug":"declaration-de-confidentialite-de-la-scs-twoons","status":"publish","type":"page","link":"https:\/\/www.twoonsagency.be\/fr\/declaration-de-confidentialite-de-la-scs-twoons\/","title":{"rendered":"D\u00e9claration de confidentialit\u00e9 de la SCS Twoons"},"content":{"rendered":"<div class=\"wpb-content-wrapper\"><p>[vc_row][vc_column][vc_column_text]<strong><em>G\u00e9n\u00e9ralit\u00e9s<\/em><\/strong><\/p>\n<p>Merci de votre visite de notre site Internet qui est mis \u00e0 disposition par la soci\u00e9t\u00e9 de droit belge Twoons SCS, inscrite sous le num\u00e9ro BCE BE0633.892.624 et ayant son si\u00e8ge social \u00e0 1547 Bever, Akrenbos 68C.<\/p>\n<p><strong><em>Protection des donn\u00e9es \u00e0 caract\u00e8re personnel<\/em><\/strong><\/p>\n<p>Twoons SCS attache une grande importance \u00e0 la protection de la vie priv\u00e9e et traite les donn\u00e9es \u00e0 caract\u00e8re personnel qui lui sont remises avec le soin n\u00e9cessaire et ad\u00e9quat. Les donn\u00e9es \u00e0 caract\u00e8re personnel sont les donn\u00e9es qui nous permettent de vous identifier en tant que personne, que nous le fassions r\u00e9ellement ou non.<\/p>\n<p>La plupart des informations sont disponibles via notre site Internet sans que vous ne deviez fournir de donn\u00e9es \u00e0 caract\u00e8re personnel. Les donn\u00e9es \u00e0 caract\u00e8re personnel que vous transmettez bel et bien &#8211; volontairement ou non &#8211; dans le cadre d\u2019une activit\u00e9 ou d\u2019un service donn\u00e9, sont trait\u00e9es avec le plus grand soin.<\/p>\n<p>Cette D\u00e9claration de confidentialit\u00e9 d\u00e9crit comment Twoons SCS g\u00e8re les donn\u00e9es \u00e0 caract\u00e8re personnel qu\u2019elle traite et re\u00e7oit de votre part.<\/p>\n<p><strong><em>Application de la D\u00e9claration de confidentialit\u00e9<\/em><\/strong><\/p>\n<p>La pr\u00e9sente D\u00e9claration de confidentialit\u00e9 s\u2019applique aux donn\u00e9es \u00e0 caract\u00e8re personnel que nous collectons \u00e0 votre sujet en vue de vous proposer nos produits et services. En utilisant notre site Internet ou en nous communiquant vos donn\u00e9es \u00e0 caract\u00e8re personnel (par ex., sans s\u2019y limiter, via e-mailing ou une campagne de g\u00e9n\u00e9ration de leads via les m\u00e9dias sociaux), vous acceptez les pratiques qui sont d\u00e9crites dans cette D\u00e9claration de confidentialit\u00e9.<\/p>\n<p>Si, \u00e0 la lecture de la D\u00e9claration de confidentialit\u00e9, vous n\u2019\u00eates pas d\u2019accord avec son contenu, vous \u00eates pri\u00e9 de ne plus utiliser notre site Internet et de ne pas nous communiquer de donn\u00e9es \u00e0 caract\u00e8re personnel.<\/p>\n<p><strong><em>Traitement des donn\u00e9es \u00e0 caract\u00e8re personnel<\/em><\/strong><\/p>\n<p>Les donn\u00e9es \u00e0 caract\u00e8re personnel que vous transmettez, sont trait\u00e9es par Twoons SCS.<\/p>\n<p>Elles sont trait\u00e9es conform\u00e9ment aux dispositions (i) de la loi du 8 d\u00e9cembre 1992 relative \u00e0 la protection de la vie priv\u00e9e \u00e0 l&rsquo;\u00e9gard des traitements de donn\u00e9es \u00e0 caract\u00e8re personnel (mieux connue comme la \u00ab\u00a0Loi vie priv\u00e9e\u00a0\u00bb) et (ii) du R\u00e8glement g\u00e9n\u00e9ral europ\u00e9en sur la protection des donn\u00e9es (RGPD) du 24 mai 2016 (mieux connu comme le General Data Protection Regulation ou \u00ab\u00a0GDPR\u00a0\u00bb).<\/p>\n<p>Twoons SCS traite les donn\u00e9es \u00e0 caract\u00e8re personnel uniquement pour un usage interne et aux fins auxquelles elles sont collect\u00e9es. On peut e.a. entendre par l\u00e0\u00a0: l\u2019envoi d\u2019e-mailings informatifs, l\u2019envoi d\u2019invitations \u00e0 des \u00e9v\u00e9nements, la pr\u00e9sentation d\u2019actions promotionnelles, etc. Elles ne seront en outre pas conserv\u00e9es pendant plus longtemps qu\u2019il ne faut pour la r\u00e9alisation des fins auxquelles elles ont \u00e9t\u00e9 obtenues.<\/p>\n<p><strong><em>Transmission \u00e0 des tiers<\/em><\/strong><\/p>\n<p>Dans le cadre du traitement de vos demandes et commandes, et de l\u2019utilisation de nos services, nous devons impliquer des tierces parties dans certains cas. Twoons SCS transmet uniquement vos donn\u00e9es \u00e0 des tiers si cela s\u2019av\u00e8re n\u00e9cessaire pour les fins auxquelles elles ont \u00e9t\u00e9 collect\u00e9es. Ces derniers peuvent uniquement utiliser les donn\u00e9es \u00e0 caract\u00e8re personnel transmises pour l\u2019ex\u00e9cution de leur mission sp\u00e9cifique et ne pourront jamais s\u2019en servir \u00e0 d\u2019autres fins.<\/p>\n<p>Si vous avez donn\u00e9 \u00e0 Twoons SCS l\u2019autorisation d\u2019utiliser vos donn\u00e9es \u00e0 des fins de marketing direct, ces donn\u00e9es seront effectivement utilis\u00e9es \u00e0 ces fins. Vous pouvez cependant demander \u00e0 tout moment \u00e0 Twoons SCS de mettre fin \u00e0 cette utilisation en nous contactant via les coordonn\u00e9es indiqu\u00e9es ci-dessous.<\/p>\n<p>Vos donn\u00e9es ne seront en aucun cas transmises \u00e0 des tierces parties en vue d\u2019activit\u00e9s de marketing direct.<\/p>\n<p><strong><em>Consultation et droits relatifs aux propres donn\u00e9es \u00e0 caract\u00e8re personnel<\/em><\/strong><\/p>\n<p>Vous avez le droit de demander l\u2019acc\u00e8s \u00e0 vos propres donn\u00e9es \u00e0 caract\u00e8re personnel. Vous pouvez demander, consulter et si n\u00e9cessaire faire corriger les donn\u00e9es \u00e0 caract\u00e8re personnel. Dans certains cas et pour de bonnes raisons, vous pouvez demander d\u2019effacer vos donn\u00e9es \u00e0 caract\u00e8re personnel. Afin d\u2019exercer ces droits, veuillez nous contacter directement via les coordonn\u00e9es ci-dessous.<\/p>\n<p><strong><em>Stockage automatique de donn\u00e9es \u00e0 caract\u00e8re non personnel<\/em><\/strong><\/p>\n<p>Lors d\u2019une visite du site Internet, des donn\u00e9es \u00e0 caract\u00e8re non personnel comme, sans s\u2019y limiter, le type de navigateur, l\u2019adresse IP, la plateforme&#8230; peuvent \u00eatre sauvegard\u00e9es automatiquement par nous et des \u00ab\u00a0cookies\u00a0\u00bb peuvent \u00eatre plac\u00e9s sur le disque dur de votre ordinateur. Ceci a lieu dans le seul but de mieux adapter le site Internet aux besoins du visiteur qui revient.<\/p>\n<p>Les navigateurs Internet vous permettent d\u2019emp\u00eacher l\u2019usage de cookies, de recevoir une alerte si un cookie est install\u00e9 ou de supprimer apr\u00e8s coup les cookies de votre disque dur. Veuillez consulter \u00e0 cet effet la fonction d\u2019aide de votre navigateur Internet.<\/p>\n<p>Toutes les donn\u00e9es relatives au comportement de navigation peuvent \u00eatre converties par Twoons SCS en statistiques ou fichiers journaux anonymes. Elles ne sont toutefois en aucun cas analys\u00e9es sur un plan individuel ou personnel.<\/p>\n<p><strong><em>Google Analytics<\/em><\/strong><\/p>\n<p>Nous utilisons Google Analytics pour tenir \u00e0 jour la fa\u00e7on dont les utilisateurs utilisent le site Internet. Les informations ainsi obtenues, y compris l\u2019adresse de votre ordinateur (adresse IP), sont transf\u00e9r\u00e9es vers des serveurs aux \u00c9tats-Unis et stock\u00e9es sur ceux-ci par Google. Veuillez lire la politique de confidentialit\u00e9 de Google pour plus d\u2019informations, ainsi que la politique de confidentialit\u00e9 sp\u00e9cifique de Google Analytics.<\/p>\n<p>Liens\u00a0:<\/p>\n<p><a href=\"https:\/\/www.google.com\/intl\/fr_BE\/policies\/privacy\/\">https:\/\/www.google.com\/intl\/fr_BE\/policies\/privacy\/<\/a><\/p>\n<p><a href=\"https:\/\/www.google.com\/analytics\/learn\/privacy.html?hl=fr\">https:\/\/www.google.com\/analytics\/learn\/privacy.html?hl=fr<\/a><\/p>\n<p>Google utilise ces informations pour tenir \u00e0 jour la fa\u00e7on dont notre site Internet est utilis\u00e9, afin de pouvoir nous remettre des rapports sur le site Internet. Google peut fournir ces informations \u00e0 des tiers si Google y est tenue l\u00e9galement, ou dans la mesure o\u00f9 ces tiers traitent les informations au nom de Google. Nous n\u2019avons aucune influence \u00e0 cet \u00e9gard.<\/p>\n<p><strong><em>Facebook, LinkedIn et Instagram <\/em><\/strong><\/p>\n<p>Des boutons sont repris sur ce site Internet pour pouvoir promouvoir des pages ou les partager sur les r\u00e9seaux sociaux Facebook, LinkedIn et Instagram. Ces boutons sont r\u00e9alis\u00e9s par un code qui est fourni par Facebook, LinkedIn et Instagram proprement dits. Ce code place entre autres un cookie (voir ci-dessus).<\/p>\n<p>Veuillez lire la d\u00e9claration de confidentialit\u00e9 de Facebook, LinkedIn et Instagram (qui peuvent changer r\u00e9guli\u00e8rement) pour voir ce que ces derniers font de vos donn\u00e9es \u00e0 caract\u00e8re personnel qu\u2019ils traitent avec ce code.<\/p>\n<p>Liens\u00a0:<\/p>\n<p><a href=\"https:\/\/www.facebook.com\/about\/privacy\/update?ref=old_policy\">https:\/\/www.facebook.com\/about\/privacy\/update?ref=old_policy<\/a><\/p>\n<p><a href=\"https:\/\/www.linkedin.com\/legal\/privacy-policy?trk=uno-reg-guest-home-privacy-policy\">https:\/\/www.linkedin.com\/legal\/privacy-policy?trk=uno-reg-guest-home-privacy-policy<\/a><\/p>\n<p><a href=\"https:\/\/help.instagram.com\/519522125107875?helpref=page_content\">https:\/\/help.instagram.com\/519522125107875?helpref=page_content<\/a><\/p>\n<p><strong><em>MailChimp<\/em><\/strong><\/p>\n<p>Twoons SCS utilise r\u00e9guli\u00e8rement la plateforme de marketing pour les clients et les tiers. Via MailChimp, des informations sont g\u00e9n\u00e9ralement diffus\u00e9es \u00e0 des personnes qui se sont abonn\u00e9es via MailChimp \u00e0 des lettres d\u2019information et d\u2019autres instruments de communication.<\/p>\n<p>Veuillez lire la d\u00e9claration de confidentialit\u00e9 de MailChimp pour v\u00e9rifier la fa\u00e7on dont cette plateforme traite vos donn\u00e9es \u00e0 caract\u00e8re personnel.<\/p>\n<p>Lien\u00a0:<\/p>\n<p><a href=\"https:\/\/mailchimp.com\/legal\/privacy\/\">https:\/\/mailchimp.com\/legal\/privacy\/<\/a><\/p>\n<p><strong><em>Sites Internet de tiers <\/em><\/strong><\/p>\n<p>La pr\u00e9sente D\u00e9claration de confidentialit\u00e9 ne s\u2019applique pas aux sites Internet de tiers qui sont li\u00e9s \u00e0 ce site Internet au moyen de liens. Nous ne pouvons pas garantir que ces tiers g\u00e8rent vos donn\u00e9es \u00e0 caract\u00e8re personnel de fa\u00e7on fiable ou s\u00fbre. Aussi, nous vous conseillons de lire la d\u00e9claration de confidentialit\u00e9 de ces sites Internet avant d\u2019utiliser ces sites.<\/p>\n<p><strong><em>Modifications<\/em><\/strong><\/p>\n<p>Il est possible que la pr\u00e9sente D\u00e9claration de confidentialit\u00e9 subisse encore des modifications \u00e0 l\u2019avenir. Notre politique relative aux donn\u00e9es \u00e0 caract\u00e8re personnel est d\u2019ailleurs r\u00e9guli\u00e8rement examin\u00e9e \u00e0 la lumi\u00e8re de la r\u00e9glementation actuelle. Les modifications sont publi\u00e9es sur cette page. La pr\u00e9sente D\u00e9claration de confidentialit\u00e9 a \u00e9t\u00e9 modifi\u00e9e et r\u00e9vis\u00e9e pour la derni\u00e8re fois en mai 2018.<\/p>\n<p><strong><em>Vous avez d\u2019autres questions\u00a0? <\/em><\/strong><\/p>\n<p>Si vous avez d\u2019autres questions sur l\u2019utilisation et le traitement de vos donn\u00e9es \u00e0 caract\u00e8re personnel, veuillez nous contacter.<\/p>\n<p>Vous pouvez contacter Twoons SCS par courrier \u00e0 l\u2019adresse suivante : Marktplein 24, 1570 Galmarden[\/vc_column_text][\/vc_column][\/vc_row]<\/p>\n<\/div>","protected":false},"excerpt":{"rendered":"<p>[vc_row][vc_column][vc_column_text]G\u00e9n\u00e9ralit\u00e9s Merci de votre visite de notre site Internet qui est mis \u00e0 disposition par la soci\u00e9t\u00e9 de droit belge Twoons SCS, inscrite sous le num\u00e9ro BCE BE0633.892.624 et ayant son si\u00e8ge social \u00e0 1547 Bever, Akrenbos 68C. Protection des donn\u00e9es \u00e0 caract\u00e8re personnel Twoons SCS attache une grande importance \u00e0 la protection de la &hellip; <a href=\"https:\/\/www.twoonsagency.be\/fr\/declaration-de-confidentialite-de-la-scs-twoons\/\" class=\"more-link\">Continue reading<span class=\"screen-reader-text\"> \u00ab\u00a0D\u00e9claration de confidentialit\u00e9 de la SCS Twoons\u00a0\u00bb<\/span><\/a><\/p>\n","protected":false},"author":1,"featured_media":0,"parent":0,"menu_order":0,"comment_status":"closed","ping_status":"closed","template":"","meta":{"footnotes":""},"acf":[],"yoast_head":"<!-- This site is optimized with the Yoast SEO plugin v20.5 - https:\/\/yoast.com\/wordpress\/plugins\/seo\/ -->\n<title>D\u00e9claration de confidentialit\u00e9 de la SCS Twoons | TWOONS<\/title>\n<meta name=\"description\" content=\"D\u00e9claration de confidentialit\u00e9 de la SCS Twoons | TWOONS\" \/>\n<meta name=\"robots\" content=\"index, follow, max-snippet:-1, max-image-preview:large, max-video-preview:-1\" \/>\n<link rel=\"canonical\" href=\"https:\/\/www.twoonsagency.be\/fr\/declaration-de-confidentialite-de-la-scs-twoons\/\" \/>\n<meta property=\"og:locale\" content=\"fr_FR\" \/>\n<meta property=\"og:type\" content=\"article\" \/>\n<meta property=\"og:title\" content=\"D\u00e9claration de confidentialit\u00e9 de la SCS Twoons | TWOONS\" \/>\n<meta property=\"og:description\" content=\"D\u00e9claration de confidentialit\u00e9 de la SCS Twoons | TWOONS\" \/>\n<meta property=\"og:url\" content=\"https:\/\/www.twoonsagency.be\/fr\/declaration-de-confidentialite-de-la-scs-twoons\/\" \/>\n<meta property=\"og:site_name\" content=\"TWOONS\" \/>\n<meta property=\"article:publisher\" content=\"https:\/\/www.facebook.com\/twoonscontentagency\/\" \/>\n<meta property=\"article:modified_time\" content=\"2019-12-10T14:52:41+00:00\" \/>\n<meta name=\"twitter:card\" content=\"summary_large_image\" \/>\n<meta name=\"twitter:site\" content=\"@TwoonsAgency\" \/>\n<meta name=\"twitter:label1\" content=\"Dur\u00e9e de lecture estim\u00e9e\" \/>\n\t<meta name=\"twitter:data1\" content=\"7 minutes\" \/>\n<script type=\"application\/ld+json\" class=\"yoast-schema-graph\">{\"@context\":\"https:\/\/schema.org\",\"@graph\":[{\"@type\":\"WebPage\",\"@id\":\"https:\/\/www.twoonsagency.be\/fr\/declaration-de-confidentialite-de-la-scs-twoons\/\",\"url\":\"https:\/\/www.twoonsagency.be\/fr\/declaration-de-confidentialite-de-la-scs-twoons\/\",\"name\":\"D\u00e9claration de confidentialit\u00e9 de la SCS Twoons | TWOONS\",\"isPartOf\":{\"@id\":\"https:\/\/www.twoonsagency.be\/fr\/#website\"},\"datePublished\":\"2019-12-10T14:49:59+00:00\",\"dateModified\":\"2019-12-10T14:52:41+00:00\",\"description\":\"D\u00e9claration de confidentialit\u00e9 de la SCS Twoons | TWOONS\",\"breadcrumb\":{\"@id\":\"https:\/\/www.twoonsagency.be\/fr\/declaration-de-confidentialite-de-la-scs-twoons\/#breadcrumb\"},\"inLanguage\":\"fr-FR\",\"potentialAction\":[{\"@type\":\"ReadAction\",\"target\":[\"https:\/\/www.twoonsagency.be\/fr\/declaration-de-confidentialite-de-la-scs-twoons\/\"]}]},{\"@type\":\"BreadcrumbList\",\"@id\":\"https:\/\/www.twoonsagency.be\/fr\/declaration-de-confidentialite-de-la-scs-twoons\/#breadcrumb\",\"itemListElement\":[{\"@type\":\"ListItem\",\"position\":1,\"name\":\"Home\",\"item\":\"https:\/\/www.twoonsagency.be\/fr\/\"},{\"@type\":\"ListItem\",\"position\":2,\"name\":\"D\u00e9claration de confidentialit\u00e9 de la SCS Twoons\"}]},{\"@type\":\"WebSite\",\"@id\":\"https:\/\/www.twoonsagency.be\/fr\/#website\",\"url\":\"https:\/\/www.twoonsagency.be\/fr\/\",\"name\":\"TWOONS\",\"description\":\"\",\"publisher\":{\"@id\":\"https:\/\/www.twoonsagency.be\/fr\/#organization\"},\"potentialAction\":[{\"@type\":\"SearchAction\",\"target\":{\"@type\":\"EntryPoint\",\"urlTemplate\":\"https:\/\/www.twoonsagency.be\/fr\/?s={search_term_string}\"},\"query-input\":\"required name=search_term_string\"}],\"inLanguage\":\"fr-FR\"},{\"@type\":\"Organization\",\"@id\":\"https:\/\/www.twoonsagency.be\/fr\/#organization\",\"name\":\"Twoons\",\"url\":\"https:\/\/www.twoonsagency.be\/fr\/\",\"logo\":{\"@type\":\"ImageObject\",\"inLanguage\":\"fr-FR\",\"@id\":\"https:\/\/www.twoonsagency.be\/fr\/#\/schema\/logo\/image\/\",\"url\":\"https:\/\/www.twoonsagency.be\/wp-content\/uploads\/2019\/06\/logo.png\",\"contentUrl\":\"https:\/\/www.twoonsagency.be\/wp-content\/uploads\/2019\/06\/logo.png\",\"width\":229,\"height\":78,\"caption\":\"Twoons\"},\"image\":{\"@id\":\"https:\/\/www.twoonsagency.be\/fr\/#\/schema\/logo\/image\/\"},\"sameAs\":[\"https:\/\/www.facebook.com\/twoonscontentagency\/\",\"https:\/\/twitter.com\/TwoonsAgency\",\"https:\/\/www.instagram.com\/twoons.agency\/\",\"https:\/\/www.linkedin.com\/company\/twoons-content-agency\"]}]}<\/script>\n<!-- \/ Yoast SEO plugin. -->","yoast_head_json":{"title":"D\u00e9claration de confidentialit\u00e9 de la SCS Twoons | TWOONS","description":"D\u00e9claration de confidentialit\u00e9 de la SCS Twoons | TWOONS","robots":{"index":"index","follow":"follow","max-snippet":"max-snippet:-1","max-image-preview":"max-image-preview:large","max-video-preview":"max-video-preview:-1"},"canonical":"https:\/\/www.twoonsagency.be\/fr\/declaration-de-confidentialite-de-la-scs-twoons\/","og_locale":"fr_FR","og_type":"article","og_title":"D\u00e9claration de confidentialit\u00e9 de la SCS Twoons | TWOONS","og_description":"D\u00e9claration de confidentialit\u00e9 de la SCS Twoons | TWOONS","og_url":"https:\/\/www.twoonsagency.be\/fr\/declaration-de-confidentialite-de-la-scs-twoons\/","og_site_name":"TWOONS","article_publisher":"https:\/\/www.facebook.com\/twoonscontentagency\/","article_modified_time":"2019-12-10T14:52:41+00:00","twitter_card":"summary_large_image","twitter_site":"@TwoonsAgency","twitter_misc":{"Dur\u00e9e de lecture estim\u00e9e":"7 minutes"},"schema":{"@context":"https:\/\/schema.org","@graph":[{"@type":"WebPage","@id":"https:\/\/www.twoonsagency.be\/fr\/declaration-de-confidentialite-de-la-scs-twoons\/","url":"https:\/\/www.twoonsagency.be\/fr\/declaration-de-confidentialite-de-la-scs-twoons\/","name":"D\u00e9claration de confidentialit\u00e9 de la SCS Twoons | TWOONS","isPartOf":{"@id":"https:\/\/www.twoonsagency.be\/fr\/#website"},"datePublished":"2019-12-10T14:49:59+00:00","dateModified":"2019-12-10T14:52:41+00:00","description":"D\u00e9claration de confidentialit\u00e9 de la SCS Twoons | TWOONS","breadcrumb":{"@id":"https:\/\/www.twoonsagency.be\/fr\/declaration-de-confidentialite-de-la-scs-twoons\/#breadcrumb"},"inLanguage":"fr-FR","potentialAction":[{"@type":"ReadAction","target":["https:\/\/www.twoonsagency.be\/fr\/declaration-de-confidentialite-de-la-scs-twoons\/"]}]},{"@type":"BreadcrumbList","@id":"https:\/\/www.twoonsagency.be\/fr\/declaration-de-confidentialite-de-la-scs-twoons\/#breadcrumb","itemListElement":[{"@type":"ListItem","position":1,"name":"Home","item":"https:\/\/www.twoonsagency.be\/fr\/"},{"@type":"ListItem","position":2,"name":"D\u00e9claration de confidentialit\u00e9 de la SCS Twoons"}]},{"@type":"WebSite","@id":"https:\/\/www.twoonsagency.be\/fr\/#website","url":"https:\/\/www.twoonsagency.be\/fr\/","name":"TWOONS","description":"","publisher":{"@id":"https:\/\/www.twoonsagency.be\/fr\/#organization"},"potentialAction":[{"@type":"SearchAction","target":{"@type":"EntryPoint","urlTemplate":"https:\/\/www.twoonsagency.be\/fr\/?s={search_term_string}"},"query-input":"required name=search_term_string"}],"inLanguage":"fr-FR"},{"@type":"Organization","@id":"https:\/\/www.twoonsagency.be\/fr\/#organization","name":"Twoons","url":"https:\/\/www.twoonsagency.be\/fr\/","logo":{"@type":"ImageObject","inLanguage":"fr-FR","@id":"https:\/\/www.twoonsagency.be\/fr\/#\/schema\/logo\/image\/","url":"https:\/\/www.twoonsagency.be\/wp-content\/uploads\/2019\/06\/logo.png","contentUrl":"https:\/\/www.twoonsagency.be\/wp-content\/uploads\/2019\/06\/logo.png","width":229,"height":78,"caption":"Twoons"},"image":{"@id":"https:\/\/www.twoonsagency.be\/fr\/#\/schema\/logo\/image\/"},"sameAs":["https:\/\/www.facebook.com\/twoonscontentagency\/","https:\/\/twitter.com\/TwoonsAgency","https:\/\/www.instagram.com\/twoons.agency\/","https:\/\/www.linkedin.com\/company\/twoons-content-agency"]}]}},"_links":{"self":[{"href":"https:\/\/www.twoonsagency.be\/fr\/wp-json\/wp\/v2\/pages\/554"}],"collection":[{"href":"https:\/\/www.twoonsagency.be\/fr\/wp-json\/wp\/v2\/pages"}],"about":[{"href":"https:\/\/www.twoonsagency.be\/fr\/wp-json\/wp\/v2\/types\/page"}],"author":[{"embeddable":true,"href":"https:\/\/www.twoonsagency.be\/fr\/wp-json\/wp\/v2\/users\/1"}],"replies":[{"embeddable":true,"href":"https:\/\/www.twoonsagency.be\/fr\/wp-json\/wp\/v2\/comments?post=554"}],"version-history":[{"count":5,"href":"https:\/\/www.twoonsagency.be\/fr\/wp-json\/wp\/v2\/pages\/554\/revisions"}],"predecessor-version":[{"id":564,"href":"https:\/\/www.twoonsagency.be\/fr\/wp-json\/wp\/v2\/pages\/554\/revisions\/564"}],"wp:attachment":[{"href":"https:\/\/www.twoonsagency.be\/fr\/wp-json\/wp\/v2\/media?parent=554"}],"curies":[{"name":"wp","href":"https:\/\/api.w.org\/{rel}","templated":true}]}}