{"id":677,"date":"2020-01-22T17:00:50","date_gmt":"2020-01-22T16:00:50","guid":{"rendered":"https:\/\/www.twoonsagency.be\/?page_id=677"},"modified":"2023-05-17T17:27:44","modified_gmt":"2023-05-17T15:27:44","slug":"references","status":"publish","type":"page","link":"https:\/\/www.twoonsagency.be\/fr\/references\/","title":{"rendered":"R\u00e9f\u00e9rences"},"content":{"rendered":"<div class=\"wpb-content-wrapper\"><p>[vc_row el_class=\u00a0\u00bbrefrn-row\u00a0\u00bb][vc_column][vc_row_inner][vc_column_inner el_class=\u00a0\u00bbrefrsngl-block\u00a0\u00bb width=\u00a0\u00bb1\/2&Prime;][vc_column_text el_class=\u00a0\u00bbrefrsngl-inner\u00a0\u00bb]<\/p>\n<h3 class=\"reftophdng\"><strong>Crisiscommunicatie<\/strong><\/h3>\n<p>Twoons organise r\u00e9guli\u00e8rement des exercices de communication de crise pour nous. Ceux-ci nous permettent toujours de comprendre \u00e0 quel point la pr\u00e9paration est cl\u00e9 si l&rsquo;on veut pr\u00e9server notre r\u00e9putation en cas de crise.<\/p>\n<p><img loading=\"lazy\" decoding=\"async\" class=\"alignright size-full wp-image-442\" src=\"https:\/\/www.twoonsagency.be\/wp-content\/uploads\/2019\/12\/kumpen.jpg\" alt=\"\" width=\"90\" height=\"90\" \/><\/p>\n<h4>Gert-Jan Merkx<\/h4>\n<p>Kumpen[\/vc_column_text][\/vc_column_inner][vc_column_inner el_class=\u00a0\u00bbrefrsngl-block\u00a0\u00bb width=\u00a0\u00bb1\/2&Prime;][vc_column_text el_class=\u00a0\u00bbrefrsngl-inner\u00a0\u00bb]<\/p>\n<h3 class=\"reftophdng\"><strong>Crisiscommunicatie<\/strong><\/h3>\n<p>En tant qu\u2019entreprise de construction, nous attachons une grande importance \u00e0 la s\u00e9curit\u00e9 et \u00e0 une bonne communication. Malheureusement, les situations de crise ne sont jamais exclues. C&rsquo;est pourquoi nous avons \u00e9labor\u00e9 un plan de communication de crise avec Twoons.<\/p>\n<p><img loading=\"lazy\" decoding=\"async\" class=\"alignright size-full wp-image-458\" src=\"https:\/\/www.twoonsagency.be\/wp-content\/uploads\/2019\/12\/willemen.jpg\" alt=\"\" width=\"90\" height=\"90\" \/><\/p>\n<h4>Lo\u00efc Verstraeten<\/h4>\n<p>Williemen Groep[\/vc_column_text][\/vc_column_inner][\/vc_row_inner][vc_row_inner][vc_column_inner el_class=\u00a0\u00bbrefrsngl-block\u00a0\u00bb width=\u00a0\u00bb1\/2&Prime;][vc_column_text el_class=\u00a0\u00bbrefrsngl-inner\u00a0\u00bb]<\/p>\n<h3 class=\"reftophdng\"><strong>Media relations<\/strong><\/h3>\n<p>Twoons nous a montr\u00e9 dans un premier temps comment susciter l\u2019int\u00e9r\u00eat de la presse en proposant du contenu pertinent et adapt\u00e9. Aujourd\u2019hui, ce sont les journalistes qui nous contactent pour r\u00e9pondre \u00e0 leurs besoins et demandes du moment.<\/p>\n<p><img loading=\"lazy\" decoding=\"async\" class=\"alignright size-full wp-image-461\" src=\"https:\/\/www.twoonsagency.be\/wp-content\/uploads\/2021\/10\/MyData-TRUST.jpg\" alt=\"\" width=\"90\" height=\"90\" \/><\/p>\n<h4>Mathilde Faure<\/h4>\n<p>Marketing &amp; Event Coordinator<br \/>\nMyData-TRUST[\/vc_column_text][\/vc_column_inner][vc_column_inner el_class=\u00a0\u00bbrefrsngl-block\u00a0\u00bb width=\u00a0\u00bb1\/2&Prime;][vc_column_text el_class=\u00a0\u00bbrefrsngl-inner\u00a0\u00bb]<\/p>\n<h3 class=\"reftophdng\"><strong>Social media management<\/strong><\/h3>\n<p>Depuis que Twoons nous accompagne pour la gestion de notre page Facebook, nous avons observ\u00e9 une augmentation significative du nombre de followers, de likes et de la port\u00e9e de nos posts.<\/p>\n<p><img loading=\"lazy\" decoding=\"async\" class=\"alignright size-full wp-image-464\" src=\"https:\/\/www.twoonsagency.be\/wp-content\/uploads\/2019\/12\/triflex.jpg\" alt=\"\" width=\"90\" height=\"90\" \/><\/p>\n<h4>Frank Schurer<\/h4>\n<p>Triflex Belgi\u00eb[\/vc_column_text][\/vc_column_inner][\/vc_row_inner][vc_row_inner][vc_column_inner el_class=\u00a0\u00bbrefrsngl-block\u00a0\u00bb width=\u00a0\u00bb1\/2&Prime;][vc_column_text el_class=\u00a0\u00bbrefrsngl-inner\u00a0\u00bb]<\/p>\n<h3 class=\"reftophdng\"><strong>Email marketing<\/strong><\/h3>\n<p>Avec Twoons, nous avons r\u00e9cemment lanc\u00e9 une newsletter et atteignons actuellement un taux de clics d&rsquo;environ 10%, soit plus de 8% de plus que la moyenne dans notre secteur &#8230; L&#8217;email marketing fonctionne donc r\u00e9ellement.<\/p>\n<p><img loading=\"lazy\" decoding=\"async\" class=\"alignright size-full wp-image-467\" src=\"https:\/\/www.twoonsagency.be\/wp-content\/uploads\/2019\/12\/hm.jpg\" alt=\"\" width=\"90\" height=\"90\" \/><\/p>\n<h4>Marc De Koninck<\/h4>\n<p>HM Projects[\/vc_column_text][\/vc_column_inner][vc_column_inner el_class=\u00a0\u00bbrefrsngl-block\u00a0\u00bb width=\u00a0\u00bb1\/2&Prime;][vc_column_text el_class=\u00a0\u00bbrefrsngl-inner\u00a0\u00bb]<\/p>\n<h3 class=\"reftophdng\"><strong>Email marketing<\/strong><\/h3>\n<p>Chez CARBU.COM, nous informons chaque jour par mail des dizaines de milliers de consommateurs d\u2019\u00e9nergie sur l\u2019\u00e9volution des prix du carburant. Et Twoons nous assiste de mani\u00e8re tr\u00e8s efficace.<\/p>\n<p><img loading=\"lazy\" decoding=\"async\" class=\"alignright size-full wp-image-461\" src=\"https:\/\/www.twoonsagency.be\/wp-content\/uploads\/2019\/12\/dummy.jpg\" alt=\"\" width=\"90\" height=\"90\" \/><\/p>\n<h4>St\u00e9phane Hougardy<\/h4>\n<p>Fuel Media Service[\/vc_column_text][\/vc_column_inner][\/vc_row_inner][vc_row_inner][vc_column_inner el_class=\u00a0\u00bbrefrsngl-block\u00a0\u00bb width=\u00a0\u00bb1\/2&Prime;][vc_column_text el_class=\u00a0\u00bbrefrsngl-inner\u00a0\u00bb]<\/p>\n<h3 class=\"reftophdng\"><strong>Blogging<\/strong><\/h3>\n<p>Twoons nous a montr\u00e9 que gr\u00e2ce aux articles de blog, nous pouvons r\u00e9agir efficacement \u00e0 l&rsquo;actualit\u00e9 qui est pertinenete pour nos clients.<\/p>\n<p><img loading=\"lazy\" decoding=\"async\" class=\"alignright size-full wp-image-461\" src=\"https:\/\/www.twoonsagency.be\/wp-content\/uploads\/2020\/02\/a-projects-architecten.jpg\" alt=\"\" width=\"90\" height=\"90\" \/><\/p>\n<h4>Chris Heyvaert<\/h4>\n<p>A-projects<\/p>\n<p>[\/vc_column_text][\/vc_column_inner][vc_column_inner el_class=\u00a0\u00bbrefrsngl-block\u00a0\u00bb width=\u00a0\u00bb1\/2&Prime;][vc_column_text el_class=\u00a0\u00bbrefrsngl-inner\u00a0\u00bb]<\/p>\n<h3 class=\"reftophdng\"><strong>Blogging<\/strong><\/h3>\n<p>Le contenu du blog que Twoons d\u00e9veloppe pour nous souligne clairement notre expertise et l&rsquo;approche fortement orient\u00e9e solution que nous offrons \u00e0 nos clients.<\/p>\n<p><img loading=\"lazy\" decoding=\"async\" class=\"alignright size-full wp-image-470\" src=\"https:\/\/www.twoonsagency.be\/wp-content\/uploads\/2019\/12\/planet.jpg\" alt=\"\" width=\"90\" height=\"90\" \/><\/p>\n<h4>Bart Corryn<\/h4>\n<p>Planet-eco[\/vc_column_text][\/vc_column_inner][\/vc_row_inner][vc_row_inner][vc_column_inner el_class=\u00a0\u00bbrefrsngl-block\u00a0\u00bb width=\u00a0\u00bb1\/2&Prime;][vc_column_text el_class=\u00a0\u00bbrefrsngl-inner\u00a0\u00bb]<\/p>\n<h3 class=\"reftophdng\"><strong>Media relations<\/strong><\/h3>\n<p>Ces derniers mois, nous avons gr\u00e2ce \u00e0 Twoons rencontr\u00e9 pas mal de journalistes pertinents pour notre business. Cela a \u00e0 son tour g\u00e9n\u00e9r\u00e9 des articles de presse de qualit\u00e9 pour Vitis Life.<\/p>\n<p><img loading=\"lazy\" decoding=\"async\" class=\"alignright size-full wp-image-461\" src=\"https:\/\/www.twoonsagency.be\/wp-content\/uploads\/2020\/02\/vitislife.jpg\" alt=\"\" width=\"90\" height=\"90\" \/><\/p>\n<h4>Filip Potteau<\/h4>\n<p>Vitis Life BB[\/vc_column_text][\/vc_column_inner][vc_column_inner el_class=\u00a0\u00bbrefrsngl-block\u00a0\u00bb width=\u00a0\u00bb1\/2&Prime;][vc_column_text el_class=\u00a0\u00bbrefrsngl-inner\u00a0\u00bb]<\/p>\n<h3 class=\"reftophdng\"><strong>Media relations<\/strong><\/h3>\n<p>Twoons nous aide \u00e0 r\u00e9diger et envoyer des communiqu\u00e9s de presse et le r\u00e9sultat n\u2019est pas des moindres : nos communiqu\u00e9s g\u00e9n\u00e8rent pr\u00e8s de 100 articles positifs par an \u00e0 propos de SPIE Belgium dans les media belges.<\/p>\n<p><img loading=\"lazy\" decoding=\"async\" class=\"alignright size-full wp-image-461\" src=\"https:\/\/www.twoonsagency.be\/wp-content\/uploads\/2020\/02\/spie.jpg\" alt=\"\" width=\"90\" height=\"90\" \/><\/p>\n<h4>Jean-Pierre Martin<\/h4>\n<p>SPIE Belgium[\/vc_column_text][\/vc_column_inner][\/vc_row_inner][vc_row_inner][vc_column_inner el_class=\u00a0\u00bbrefrsngl-block\u00a0\u00bb width=\u00a0\u00bb1\/2&Prime;][vc_column_text el_class=\u00a0\u00bbrefrsngl-inner\u00a0\u00bb]<\/p>\n<h3 class=\"reftophdng\"><strong>Corporate Communications<\/strong><\/h3>\n<p>Travailler avec Nathalie est vraiment un plaisir !<br \/>\nElle est toujours disponible et pro.<br \/>\nDepuis des ann\u00e9es, Leonidas et Twoons sont des partenaires de confiance et nous sommes ravis de cette collaboration.<\/p>\n<p><img loading=\"lazy\" decoding=\"async\" class=\"alignright size-full wp-image-461\" src=\"https:\/\/www.twoonsagency.be\/wp-content\/uploads\/2023\/05\/logo-Leonidas.jpg\" alt=\"Twoons Corporate Communications Leonidas\" width=\"90\" height=\"90\" \/><\/p>\n<h4>Laura Gonzales<\/h4>\n<p>Marketing Manager Leonidas[\/vc_column_text][\/vc_column_inner][vc_column_inner el_class=\u00a0\u00bbrefrsngl-block\u00a0\u00bb width=\u00a0\u00bb1\/2&Prime;][\/vc_column_inner][\/vc_row_inner][\/vc_column][\/vc_row]<\/p>\n<\/div>","protected":false},"excerpt":{"rendered":"<p>[vc_row el_class=\u00a0\u00bbrefrn-row\u00a0\u00bb][vc_column][vc_row_inner][vc_column_inner el_class=\u00a0\u00bbrefrsngl-block\u00a0\u00bb width=\u00a0\u00bb1\/2&Prime;][vc_column_text el_class=\u00a0\u00bbrefrsngl-inner\u00a0\u00bb] Crisiscommunicatie Twoons organise r\u00e9guli\u00e8rement des exercices de communication de crise pour nous. Ceux-ci nous permettent toujours de comprendre \u00e0 quel point la pr\u00e9paration est cl\u00e9 si l&rsquo;on veut pr\u00e9server notre r\u00e9putation en cas de crise. Gert-Jan Merkx Kumpen[\/vc_column_text][\/vc_column_inner][vc_column_inner el_class=\u00a0\u00bbrefrsngl-block\u00a0\u00bb width=\u00a0\u00bb1\/2&Prime;][vc_column_text el_class=\u00a0\u00bbrefrsngl-inner\u00a0\u00bb] Crisiscommunicatie En tant qu\u2019entreprise de construction, nous attachons une &hellip; <a href=\"https:\/\/www.twoonsagency.be\/fr\/references\/\" class=\"more-link\">Continue reading<span class=\"screen-reader-text\"> \u00ab\u00a0R\u00e9f\u00e9rences\u00a0\u00bb<\/span><\/a><\/p>\n","protected":false},"author":1,"featured_media":0,"parent":0,"menu_order":0,"comment_status":"closed","ping_status":"closed","template":"","meta":{"footnotes":""},"acf":[],"yoast_head":"<!-- This site is optimized with the Yoast SEO plugin v20.5 - https:\/\/yoast.com\/wordpress\/plugins\/seo\/ -->\n<title>R\u00e9f\u00e9rences | TWOONS<\/title>\n<meta name=\"description\" content=\"R\u00e9f\u00e9rences | TWOONS\" \/>\n<meta name=\"robots\" content=\"index, follow, max-snippet:-1, max-image-preview:large, max-video-preview:-1\" \/>\n<link rel=\"canonical\" href=\"https:\/\/www.twoonsagency.be\/fr\/references\/\" \/>\n<meta property=\"og:locale\" content=\"fr_FR\" \/>\n<meta property=\"og:type\" content=\"article\" \/>\n<meta property=\"og:title\" content=\"R\u00e9f\u00e9rences | TWOONS\" \/>\n<meta property=\"og:description\" content=\"R\u00e9f\u00e9rences | TWOONS\" \/>\n<meta property=\"og:url\" content=\"https:\/\/www.twoonsagency.be\/fr\/references\/\" \/>\n<meta property=\"og:site_name\" content=\"TWOONS\" \/>\n<meta property=\"article:publisher\" content=\"https:\/\/www.facebook.com\/twoonscontentagency\/\" \/>\n<meta property=\"article:modified_time\" content=\"2023-05-17T15:27:44+00:00\" \/>\n<meta property=\"og:image\" content=\"https:\/\/www.twoonsagency.be\/wp-content\/uploads\/2019\/12\/kumpen.jpg\" \/>\n<meta name=\"twitter:card\" content=\"summary_large_image\" \/>\n<meta name=\"twitter:site\" content=\"@TwoonsAgency\" \/>\n<meta name=\"twitter:label1\" content=\"Dur\u00e9e de lecture estim\u00e9e\" \/>\n\t<meta name=\"twitter:data1\" content=\"5 minutes\" \/>\n<script type=\"application\/ld+json\" class=\"yoast-schema-graph\">{\"@context\":\"https:\/\/schema.org\",\"@graph\":[{\"@type\":\"WebPage\",\"@id\":\"https:\/\/www.twoonsagency.be\/fr\/references\/\",\"url\":\"https:\/\/www.twoonsagency.be\/fr\/references\/\",\"name\":\"R\u00e9f\u00e9rences | TWOONS\",\"isPartOf\":{\"@id\":\"https:\/\/www.twoonsagency.be\/fr\/#website\"},\"datePublished\":\"2020-01-22T16:00:50+00:00\",\"dateModified\":\"2023-05-17T15:27:44+00:00\",\"description\":\"R\u00e9f\u00e9rences | TWOONS\",\"breadcrumb\":{\"@id\":\"https:\/\/www.twoonsagency.be\/fr\/references\/#breadcrumb\"},\"inLanguage\":\"fr-FR\",\"potentialAction\":[{\"@type\":\"ReadAction\",\"target\":[\"https:\/\/www.twoonsagency.be\/fr\/references\/\"]}]},{\"@type\":\"BreadcrumbList\",\"@id\":\"https:\/\/www.twoonsagency.be\/fr\/references\/#breadcrumb\",\"itemListElement\":[{\"@type\":\"ListItem\",\"position\":1,\"name\":\"Home\",\"item\":\"https:\/\/www.twoonsagency.be\/fr\/\"},{\"@type\":\"ListItem\",\"position\":2,\"name\":\"R\u00e9f\u00e9rences\"}]},{\"@type\":\"WebSite\",\"@id\":\"https:\/\/www.twoonsagency.be\/fr\/#website\",\"url\":\"https:\/\/www.twoonsagency.be\/fr\/\",\"name\":\"TWOONS\",\"description\":\"\",\"publisher\":{\"@id\":\"https:\/\/www.twoonsagency.be\/fr\/#organization\"},\"potentialAction\":[{\"@type\":\"SearchAction\",\"target\":{\"@type\":\"EntryPoint\",\"urlTemplate\":\"https:\/\/www.twoonsagency.be\/fr\/?s={search_term_string}\"},\"query-input\":\"required name=search_term_string\"}],\"inLanguage\":\"fr-FR\"},{\"@type\":\"Organization\",\"@id\":\"https:\/\/www.twoonsagency.be\/fr\/#organization\",\"name\":\"Twoons\",\"url\":\"https:\/\/www.twoonsagency.be\/fr\/\",\"logo\":{\"@type\":\"ImageObject\",\"inLanguage\":\"fr-FR\",\"@id\":\"https:\/\/www.twoonsagency.be\/fr\/#\/schema\/logo\/image\/\",\"url\":\"https:\/\/www.twoonsagency.be\/wp-content\/uploads\/2019\/06\/logo.png\",\"contentUrl\":\"https:\/\/www.twoonsagency.be\/wp-content\/uploads\/2019\/06\/logo.png\",\"width\":229,\"height\":78,\"caption\":\"Twoons\"},\"image\":{\"@id\":\"https:\/\/www.twoonsagency.be\/fr\/#\/schema\/logo\/image\/\"},\"sameAs\":[\"https:\/\/www.facebook.com\/twoonscontentagency\/\",\"https:\/\/twitter.com\/TwoonsAgency\",\"https:\/\/www.instagram.com\/twoons.agency\/\",\"https:\/\/www.linkedin.com\/company\/twoons-content-agency\"]}]}<\/script>\n<!-- \/ Yoast SEO plugin. -->","yoast_head_json":{"title":"R\u00e9f\u00e9rences | TWOONS","description":"R\u00e9f\u00e9rences | TWOONS","robots":{"index":"index","follow":"follow","max-snippet":"max-snippet:-1","max-image-preview":"max-image-preview:large","max-video-preview":"max-video-preview:-1"},"canonical":"https:\/\/www.twoonsagency.be\/fr\/references\/","og_locale":"fr_FR","og_type":"article","og_title":"R\u00e9f\u00e9rences | TWOONS","og_description":"R\u00e9f\u00e9rences | TWOONS","og_url":"https:\/\/www.twoonsagency.be\/fr\/references\/","og_site_name":"TWOONS","article_publisher":"https:\/\/www.facebook.com\/twoonscontentagency\/","article_modified_time":"2023-05-17T15:27:44+00:00","og_image":[{"url":"https:\/\/www.twoonsagency.be\/wp-content\/uploads\/2019\/12\/kumpen.jpg"}],"twitter_card":"summary_large_image","twitter_site":"@TwoonsAgency","twitter_misc":{"Dur\u00e9e de lecture estim\u00e9e":"5 minutes"},"schema":{"@context":"https:\/\/schema.org","@graph":[{"@type":"WebPage","@id":"https:\/\/www.twoonsagency.be\/fr\/references\/","url":"https:\/\/www.twoonsagency.be\/fr\/references\/","name":"R\u00e9f\u00e9rences | TWOONS","isPartOf":{"@id":"https:\/\/www.twoonsagency.be\/fr\/#website"},"datePublished":"2020-01-22T16:00:50+00:00","dateModified":"2023-05-17T15:27:44+00:00","description":"R\u00e9f\u00e9rences | TWOONS","breadcrumb":{"@id":"https:\/\/www.twoonsagency.be\/fr\/references\/#breadcrumb"},"inLanguage":"fr-FR","potentialAction":[{"@type":"ReadAction","target":["https:\/\/www.twoonsagency.be\/fr\/references\/"]}]},{"@type":"BreadcrumbList","@id":"https:\/\/www.twoonsagency.be\/fr\/references\/#breadcrumb","itemListElement":[{"@type":"ListItem","position":1,"name":"Home","item":"https:\/\/www.twoonsagency.be\/fr\/"},{"@type":"ListItem","position":2,"name":"R\u00e9f\u00e9rences"}]},{"@type":"WebSite","@id":"https:\/\/www.twoonsagency.be\/fr\/#website","url":"https:\/\/www.twoonsagency.be\/fr\/","name":"TWOONS","description":"","publisher":{"@id":"https:\/\/www.twoonsagency.be\/fr\/#organization"},"potentialAction":[{"@type":"SearchAction","target":{"@type":"EntryPoint","urlTemplate":"https:\/\/www.twoonsagency.be\/fr\/?s={search_term_string}"},"query-input":"required name=search_term_string"}],"inLanguage":"fr-FR"},{"@type":"Organization","@id":"https:\/\/www.twoonsagency.be\/fr\/#organization","name":"Twoons","url":"https:\/\/www.twoonsagency.be\/fr\/","logo":{"@type":"ImageObject","inLanguage":"fr-FR","@id":"https:\/\/www.twoonsagency.be\/fr\/#\/schema\/logo\/image\/","url":"https:\/\/www.twoonsagency.be\/wp-content\/uploads\/2019\/06\/logo.png","contentUrl":"https:\/\/www.twoonsagency.be\/wp-content\/uploads\/2019\/06\/logo.png","width":229,"height":78,"caption":"Twoons"},"image":{"@id":"https:\/\/www.twoonsagency.be\/fr\/#\/schema\/logo\/image\/"},"sameAs":["https:\/\/www.facebook.com\/twoonscontentagency\/","https:\/\/twitter.com\/TwoonsAgency","https:\/\/www.instagram.com\/twoons.agency\/","https:\/\/www.linkedin.com\/company\/twoons-content-agency"]}]}},"_links":{"self":[{"href":"https:\/\/www.twoonsagency.be\/fr\/wp-json\/wp\/v2\/pages\/677"}],"collection":[{"href":"https:\/\/www.twoonsagency.be\/fr\/wp-json\/wp\/v2\/pages"}],"about":[{"href":"https:\/\/www.twoonsagency.be\/fr\/wp-json\/wp\/v2\/types\/page"}],"author":[{"embeddable":true,"href":"https:\/\/www.twoonsagency.be\/fr\/wp-json\/wp\/v2\/users\/1"}],"replies":[{"embeddable":true,"href":"https:\/\/www.twoonsagency.be\/fr\/wp-json\/wp\/v2\/comments?post=677"}],"version-history":[{"count":13,"href":"https:\/\/www.twoonsagency.be\/fr\/wp-json\/wp\/v2\/pages\/677\/revisions"}],"predecessor-version":[{"id":1009,"href":"https:\/\/www.twoonsagency.be\/fr\/wp-json\/wp\/v2\/pages\/677\/revisions\/1009"}],"wp:attachment":[{"href":"https:\/\/www.twoonsagency.be\/fr\/wp-json\/wp\/v2\/media?parent=677"}],"curies":[{"name":"wp","href":"https:\/\/api.w.org\/{rel}","templated":true}]}}